{"id":1278,"date":"2024-04-29T09:00:46","date_gmt":"2024-04-29T09:00:46","guid":{"rendered":"https:\/\/racionero.es\/?page_id=1278"},"modified":"2024-05-16T14:59:30","modified_gmt":"2024-05-16T14:59:30","slug":"rsc","status":"publish","type":"page","link":"https:\/\/racionero.es\/en\/rsc\/","title":{"rendered":"RSC"},"content":{"rendered":"<div data-elementor-type=\"wp-page\" data-elementor-id=\"1278\" class=\"elementor elementor-1278\" data-elementor-post-type=\"page\">\n\t\t\t\t<section class=\"elementor-element elementor-element-559979f e-flex e-con-boxed e-con e-parent\" data-id=\"559979f\" data-element_type=\"container\" data-settings=\"{&quot;background_background&quot;:&quot;classic&quot;}\">\n\t\t\t\t\t<div class=\"e-con-inner\">\n\t\t<div class=\"elementor-element elementor-element-a87f6ce e-con-full e-flex e-con e-child\" data-id=\"a87f6ce\" data-element_type=\"container\">\n\t\t\t\t<div class=\"elementor-element elementor-element-c7364a8 animated-slow elementor-invisible elementor-widget elementor-widget-heading\" data-id=\"c7364a8\" data-element_type=\"widget\" data-settings=\"{&quot;_animation&quot;:&quot;bounceInLeft&quot;}\" data-widget_type=\"heading.default\">\n\t\t\t\t<div class=\"elementor-widget-container\">\n\t\t\t\t\t<h1 class=\"elementor-heading-title elementor-size-default\"><b>RSC<\/b><\/br>\nResponsabilidad Social Corporativa \n<\/h1>\t\t\t\t<\/div>\n\t\t\t\t<\/div>\n\t\t\t\t<div class=\"elementor-element elementor-element-78c5035 elementor-widget__width-auto elementor-invisible elementor-widget elementor-widget-button\" data-id=\"78c5035\" data-element_type=\"widget\" data-settings=\"{&quot;_animation&quot;:&quot;bounceInLeft&quot;,&quot;_animation_delay&quot;:800}\" data-widget_type=\"button.default\">\n\t\t\t\t<div class=\"elementor-widget-container\">\n\t\t\t\t\t\t\t\t\t<div class=\"elementor-button-wrapper\">\n\t\t\t\t\t<a class=\"elementor-button elementor-button-link elementor-size-sm\" href=\"#RSC\">\n\t\t\t\t\t\t<span class=\"elementor-button-content-wrapper\">\n\t\t\t\t\t\t<span class=\"elementor-button-icon\">\n\t\t\t\t<svg aria-hidden=\"true\" class=\"e-font-icon-svg e-fas-arrow-right\" viewbox=\"0 0 448 512\" xmlns=\"http:\/\/www.w3.org\/2000\/svg\"><path d=\"M190.5 66.9l22.2-22.2c9.4-9.4 24.6-9.4 33.9 0L441 239c9.4 9.4 9.4 24.6 0 33.9L246.6 467.3c-9.4 9.4-24.6 9.4-33.9 0l-22.2-22.2c-9.5-9.5-9.3-25 .4-34.3L311.4 296H24c-13.3 0-24-10.7-24-24v-32c0-13.3 10.7-24 24-24h287.4L190.9 101.2c-9.8-9.3-10-24.8-.4-34.3z\"><\/path><\/svg>\t\t\t<\/span>\n\t\t\t\t\t\t\t\t\t<span class=\"elementor-button-text\">M\u00e1s Info ...<\/span>\n\t\t\t\t\t<\/span>\n\t\t\t\t\t<\/a>\n\t\t\t\t<\/div>\n\t\t\t\t\t\t\t\t<\/div>\n\t\t\t\t<\/div>\n\t\t\t\t<\/div>\n\t\t<div class=\"elementor-element elementor-element-384a02e e-con-full elementor-hidden-mobile e-flex e-con e-child\" data-id=\"384a02e\" data-element_type=\"container\">\n\t\t\t\t<\/div>\n\t\t\t\t\t<\/div>\n\t\t\t\t<\/section>\n\t\t<div class=\"elementor-element elementor-element-b69f002 e-flex e-con-boxed e-con e-parent\" data-id=\"b69f002\" data-element_type=\"container\" id=\"RSC\">\n\t\t\t\t\t<div class=\"e-con-inner\">\n\t\t\t\t<div class=\"elementor-element elementor-element-b63e006 elementor-widget elementor-widget-heading\" data-id=\"b63e006\" data-element_type=\"widget\" data-widget_type=\"heading.default\">\n\t\t\t\t<div class=\"elementor-widget-container\">\n\t\t\t\t\t<p class=\"elementor-heading-title elementor-size-default\">Compromiso social e impacto comunitario<\/p>\t\t\t\t<\/div>\n\t\t\t\t<\/div>\n\t\t\t\t<div class=\"elementor-element elementor-element-cb987c8 elementor-widget__width-initial elementor-widget elementor-widget-heading\" data-id=\"cb987c8\" data-element_type=\"widget\" data-widget_type=\"heading.default\">\n\t\t\t\t<div class=\"elementor-widget-container\">\n\t\t\t\t\t<h2 class=\"elementor-heading-title elementor-size-default\"><b>RACIONERO:<\/b> Nuestra huella social<\/h2>\t\t\t\t<\/div>\n\t\t\t\t<\/div>\n\t\t\t\t\t<\/div>\n\t\t\t\t<\/div>\n\t\t<div class=\"elementor-element elementor-element-e27fa8e e-flex e-con-boxed e-con e-parent\" data-id=\"e27fa8e\" data-element_type=\"container\">\n\t\t\t\t\t<div class=\"e-con-inner\">\n\t\t<div class=\"elementor-element elementor-element-71d0a43 e-con-full e-flex e-con e-child\" data-id=\"71d0a43\" data-element_type=\"container\">\n\t\t\t\t<div class=\"elementor-element elementor-element-9a74dc6 elementor-widget elementor-widget-image\" data-id=\"9a74dc6\" data-element_type=\"widget\" data-widget_type=\"image.default\">\n\t\t\t\t<div class=\"elementor-widget-container\">\n\t\t\t\t\t\t\t\t\t\t\t\t\t\t\t<img fetchpriority=\"high\" decoding=\"async\" width=\"694\" height=\"486\" src=\"https:\/\/racionero.es\/wp-content\/uploads\/RSC-Racionero.webp\" class=\"attachment-large size-large wp-image-2053\" alt=\"Responsabilidad Social Corporativa Racionero\" srcset=\"https:\/\/racionero.es\/wp-content\/uploads\/RSC-Racionero.webp 694w, https:\/\/racionero.es\/wp-content\/uploads\/RSC-Racionero-300x210.webp 300w, https:\/\/racionero.es\/wp-content\/uploads\/RSC-Racionero-18x12.webp 18w\" sizes=\"(max-width: 694px) 100vw, 694px\" \/>\t\t\t\t\t\t\t\t\t\t\t\t\t\t\t<\/div>\n\t\t\t\t<\/div>\n\t\t\t\t<\/div>\n\t\t<div class=\"elementor-element elementor-element-0862d93 e-con-full e-flex e-con e-child\" data-id=\"0862d93\" data-element_type=\"container\">\n\t\t\t\t<div class=\"elementor-element elementor-element-2126ad2 elementor-widget-mobile__width-inherit elementor-widget elementor-widget-text-editor\" data-id=\"2126ad2\" data-element_type=\"widget\" data-widget_type=\"text-editor.default\">\n\t\t\t\t<div class=\"elementor-widget-container\">\n\t\t\t\t\t\t\t\t\t<p>Como parte de <strong>ETG<\/strong>, <strong>Racionero<\/strong> comparte el compromiso del grupo de fomentar un crecimiento sostenible.<\/p><p>En el coraz\u00f3n de los esfuerzos de ETG se encuentran dos deseos inquebrantables: en primer lugar, crear un impacto significativo en las vidas de todos nuestros colaboradores; y en segundo lugar, evolucionar de manera responsable, protegiendo un futuro sostenible para cada interesado con el que interactuamos.<\/p><p>Estas aspiraciones se materializan diariamente a trav\u00e9s de iniciativas meticulosamente dise\u00f1adas que abordan desaf\u00edos sociales y ambientales cruciales. Desde erradicar el trabajo infantil en las cadenas de suministro de cacao y caf\u00e9 en \u00c1frica Occidental hasta combatir la deforestaci\u00f3n en diversas regiones, y navegar por las complejas secuelas de conflictos geopol\u00edticos, desastres naturales y cambio clim\u00e1tico; cada iniciativa es un testimonio del compromiso del grupo con un crecimiento responsable y un mundo mejor.<\/p><p>M\u00e1s info en: <a href=\"https:\/\/www.etgworld.com\/csr.html\" target=\"_blank\" rel=\"noopener\">https:\/\/www.etgworld.com<\/a><\/p>\t\t\t\t\t\t\t\t<\/div>\n\t\t\t\t<\/div>\n\t\t\t\t<\/div>\n\t\t\t\t\t<\/div>\n\t\t\t\t<\/div>\n\t\t<div class=\"elementor-element elementor-element-5f3166b e-flex e-con-boxed e-con e-parent\" data-id=\"5f3166b\" data-element_type=\"container\" data-settings=\"{&quot;background_background&quot;:&quot;classic&quot;}\">\n\t\t\t\t\t<div class=\"e-con-inner\">\n\t\t\t\t\t<\/div>\n\t\t\t\t<\/div>\n\t\t\t\t<\/div>","protected":false},"excerpt":{"rendered":"<p>RSC Responsabilidad Social Corporativa M\u00e1s Info &#8230; Compromiso social e impacto comunitario RACIONERO: Nuestra huella social Como parte de ETG, [&hellip;]<\/p>","protected":false},"author":1,"featured_media":0,"parent":0,"menu_order":0,"comment_status":"closed","ping_status":"closed","template":"","meta":{"site-sidebar-layout":"no-sidebar","site-content-layout":"","ast-site-content-layout":"full-width-container","site-content-style":"default","site-sidebar-style":"default","ast-global-header-display":"","ast-banner-title-visibility":"","ast-main-header-display":"","ast-hfb-above-header-display":"","ast-hfb-below-header-display":"","ast-hfb-mobile-header-display":"","site-post-title":"disabled","ast-breadcrumbs-content":"","ast-featured-img":"disabled","footer-sml-layout":"","theme-transparent-header-meta":"default","adv-header-id-meta":"","stick-header-meta":"","header-above-stick-meta":"","header-main-stick-meta":"","header-below-stick-meta":"","astra-migrate-meta-layouts":"set","ast-page-background-enabled":"default","ast-page-background-meta":{"desktop":{"background-color":"var(--ast-global-color-4)","background-image":"","background-repeat":"repeat","background-position":"center center","background-size":"auto","background-attachment":"scroll","background-type":"","background-media":"","overlay-type":"","overlay-color":"","overlay-gradient":""},"tablet":{"background-color":"","background-image":"","background-repeat":"repeat","background-position":"center center","background-size":"auto","background-attachment":"scroll","background-type":"","background-media":"","overlay-type":"","overlay-color":"","overlay-gradient":""},"mobile":{"background-color":"","background-image":"","background-repeat":"repeat","background-position":"center center","background-size":"auto","background-attachment":"scroll","background-type":"","background-media":"","overlay-type":"","overlay-color":"","overlay-gradient":""}},"ast-content-background-meta":{"desktop":{"background-color":"var(--ast-global-color-5)","background-image":"","background-repeat":"repeat","background-position":"center center","background-size":"auto","background-attachment":"scroll","background-type":"","background-media":"","overlay-type":"","overlay-color":"","overlay-gradient":""},"tablet":{"background-color":"var(--ast-global-color-5)","background-image":"","background-repeat":"repeat","background-position":"center center","background-size":"auto","background-attachment":"scroll","background-type":"","background-media":"","overlay-type":"","overlay-color":"","overlay-gradient":""},"mobile":{"background-color":"var(--ast-global-color-5)","background-image":"","background-repeat":"repeat","background-position":"center center","background-size":"auto","background-attachment":"scroll","background-type":"","background-media":"","overlay-type":"","overlay-color":"","overlay-gradient":""}},"footnotes":""},"yoast_head":"<!-- This site is optimized with the Yoast SEO plugin v24.3 - https:\/\/yoast.com\/wordpress\/plugins\/seo\/ -->\n<title>Dise\u00f1o, procesado y envasado de marcas de distribuidor (MDD)<\/title>\n<meta name=\"description\" content=\"Somos expertos en la creaci\u00f3n marcas de distribuidor (MDD) de la m\u00e1s alta calidad. Te ofrecemos soluciones personalizadas que se adaptan perfectamente a las necesidades de tu negocio.\" \/>\n<meta name=\"robots\" content=\"index, follow, max-snippet:-1, max-image-preview:large, max-video-preview:-1\" \/>\n<link rel=\"canonical\" href=\"https:\/\/racionero.es\/en\/rsc\/\" \/>\n<meta property=\"og:locale\" content=\"en_GB\" \/>\n<meta property=\"og:type\" content=\"article\" \/>\n<meta property=\"og:title\" content=\"Dise\u00f1o, procesado y envasado de marcas de distribuidor (MDD)\" \/>\n<meta property=\"og:description\" content=\"Somos expertos en la creaci\u00f3n marcas de distribuidor (MDD) de la m\u00e1s alta calidad. Te ofrecemos soluciones personalizadas que se adaptan perfectamente a las necesidades de tu negocio.\" \/>\n<meta property=\"og:url\" content=\"https:\/\/racionero.es\/en\/rsc\/\" \/>\n<meta property=\"og:site_name\" content=\"RACIONERO | Procesado y Envasado de Productos Naturales\" \/>\n<meta property=\"article:modified_time\" content=\"2024-05-16T14:59:30+00:00\" \/>\n<meta property=\"og:image\" content=\"https:\/\/racionero.es\/wp-content\/uploads\/RSC-Racionero.webp\" \/>\n<meta name=\"twitter:card\" content=\"summary_large_image\" \/>\n<meta name=\"twitter:label1\" content=\"Estimated reading time\" \/>\n\t<meta name=\"twitter:data1\" content=\"1 minute\" \/>\n<script type=\"application\/ld+json\" class=\"yoast-schema-graph\">{\"@context\":\"https:\/\/schema.org\",\"@graph\":[{\"@type\":\"WebPage\",\"@id\":\"https:\/\/racionero.es\/rsc\/\",\"url\":\"https:\/\/racionero.es\/rsc\/\",\"name\":\"Dise\u00f1o, procesado y envasado de marcas de distribuidor (MDD)\",\"isPartOf\":{\"@id\":\"https:\/\/racionero.es\/#website\"},\"primaryImageOfPage\":{\"@id\":\"https:\/\/racionero.es\/rsc\/#primaryimage\"},\"image\":{\"@id\":\"https:\/\/racionero.es\/rsc\/#primaryimage\"},\"thumbnailUrl\":\"https:\/\/racionero.es\/wp-content\/uploads\/RSC-Racionero.webp\",\"datePublished\":\"2024-04-29T09:00:46+00:00\",\"dateModified\":\"2024-05-16T14:59:30+00:00\",\"description\":\"Somos expertos en la creaci\u00f3n marcas de distribuidor (MDD) de la m\u00e1s alta calidad. Te ofrecemos soluciones personalizadas que se adaptan perfectamente a las necesidades de tu negocio.\",\"breadcrumb\":{\"@id\":\"https:\/\/racionero.es\/rsc\/#breadcrumb\"},\"inLanguage\":\"en-GB\",\"potentialAction\":[{\"@type\":\"ReadAction\",\"target\":[\"https:\/\/racionero.es\/rsc\/\"]}]},{\"@type\":\"ImageObject\",\"inLanguage\":\"en-GB\",\"@id\":\"https:\/\/racionero.es\/rsc\/#primaryimage\",\"url\":\"https:\/\/racionero.es\/wp-content\/uploads\/RSC-Racionero.webp\",\"contentUrl\":\"https:\/\/racionero.es\/wp-content\/uploads\/RSC-Racionero.webp\"},{\"@type\":\"BreadcrumbList\",\"@id\":\"https:\/\/racionero.es\/rsc\/#breadcrumb\",\"itemListElement\":[{\"@type\":\"ListItem\",\"position\":1,\"name\":\"Portada\",\"item\":\"https:\/\/racionero.es\/\"},{\"@type\":\"ListItem\",\"position\":2,\"name\":\"RSC\"}]},{\"@type\":\"WebSite\",\"@id\":\"https:\/\/racionero.es\/#website\",\"url\":\"https:\/\/racionero.es\/\",\"name\":\"RACIONERO | Procesado y Envasado de Productos Naturales\",\"description\":\"Soluciones personaliadas para el procesado y envasado de productos naturales para grandes marcas, supermercados y productores.\",\"publisher\":{\"@id\":\"https:\/\/racionero.es\/#organization\"},\"potentialAction\":[{\"@type\":\"SearchAction\",\"target\":{\"@type\":\"EntryPoint\",\"urlTemplate\":\"https:\/\/racionero.es\/?s={search_term_string}\"},\"query-input\":{\"@type\":\"PropertyValueSpecification\",\"valueRequired\":true,\"valueName\":\"search_term_string\"}}],\"inLanguage\":\"en-GB\"},{\"@type\":\"Organization\",\"@id\":\"https:\/\/racionero.es\/#organization\",\"name\":\"RACIONERO | Procesado y Envasado de Productos Naturales\",\"url\":\"https:\/\/racionero.es\/\",\"logo\":{\"@type\":\"ImageObject\",\"inLanguage\":\"en-GB\",\"@id\":\"https:\/\/racionero.es\/#\/schema\/logo\/image\/\",\"url\":\"https:\/\/racionero.es\/wp-content\/uploads\/racionero-logotipo.svg\",\"contentUrl\":\"https:\/\/racionero.es\/wp-content\/uploads\/racionero-logotipo.svg\",\"width\":397,\"height\":150,\"caption\":\"RACIONERO | Procesado y Envasado de Productos Naturales\"},\"image\":{\"@id\":\"https:\/\/racionero.es\/#\/schema\/logo\/image\/\"}}]}<\/script>\n<!-- \/ Yoast SEO plugin. -->","yoast_head_json":{"title":"Dise\u00f1o, procesado y envasado de marcas de distribuidor (MDD)","description":"Somos expertos en la creaci\u00f3n marcas de distribuidor (MDD) de la m\u00e1s alta calidad. Te ofrecemos soluciones personalizadas que se adaptan perfectamente a las necesidades de tu negocio.","robots":{"index":"index","follow":"follow","max-snippet":"max-snippet:-1","max-image-preview":"max-image-preview:large","max-video-preview":"max-video-preview:-1"},"canonical":"https:\/\/racionero.es\/en\/rsc\/","og_locale":"en_GB","og_type":"article","og_title":"Dise\u00f1o, procesado y envasado de marcas de distribuidor (MDD)","og_description":"Somos expertos en la creaci\u00f3n marcas de distribuidor (MDD) de la m\u00e1s alta calidad. Te ofrecemos soluciones personalizadas que se adaptan perfectamente a las necesidades de tu negocio.","og_url":"https:\/\/racionero.es\/en\/rsc\/","og_site_name":"RACIONERO | Procesado y Envasado de Productos Naturales","article_modified_time":"2024-05-16T14:59:30+00:00","og_image":[{"url":"https:\/\/racionero.es\/wp-content\/uploads\/RSC-Racionero.webp","type":"","width":"","height":""}],"twitter_card":"summary_large_image","twitter_misc":{"Estimated reading time":"1 minute"},"schema":{"@context":"https:\/\/schema.org","@graph":[{"@type":"WebPage","@id":"https:\/\/racionero.es\/rsc\/","url":"https:\/\/racionero.es\/rsc\/","name":"Dise\u00f1o, procesado y envasado de marcas de distribuidor (MDD)","isPartOf":{"@id":"https:\/\/racionero.es\/#website"},"primaryImageOfPage":{"@id":"https:\/\/racionero.es\/rsc\/#primaryimage"},"image":{"@id":"https:\/\/racionero.es\/rsc\/#primaryimage"},"thumbnailUrl":"https:\/\/racionero.es\/wp-content\/uploads\/RSC-Racionero.webp","datePublished":"2024-04-29T09:00:46+00:00","dateModified":"2024-05-16T14:59:30+00:00","description":"Somos expertos en la creaci\u00f3n marcas de distribuidor (MDD) de la m\u00e1s alta calidad. Te ofrecemos soluciones personalizadas que se adaptan perfectamente a las necesidades de tu negocio.","breadcrumb":{"@id":"https:\/\/racionero.es\/rsc\/#breadcrumb"},"inLanguage":"en-GB","potentialAction":[{"@type":"ReadAction","target":["https:\/\/racionero.es\/rsc\/"]}]},{"@type":"ImageObject","inLanguage":"en-GB","@id":"https:\/\/racionero.es\/rsc\/#primaryimage","url":"https:\/\/racionero.es\/wp-content\/uploads\/RSC-Racionero.webp","contentUrl":"https:\/\/racionero.es\/wp-content\/uploads\/RSC-Racionero.webp"},{"@type":"BreadcrumbList","@id":"https:\/\/racionero.es\/rsc\/#breadcrumb","itemListElement":[{"@type":"ListItem","position":1,"name":"Portada","item":"https:\/\/racionero.es\/"},{"@type":"ListItem","position":2,"name":"RSC"}]},{"@type":"WebSite","@id":"https:\/\/racionero.es\/#website","url":"https:\/\/racionero.es\/","name":"RACIONERO | Procesado y Envasado de Productos Naturales","description":"Soluciones personaliadas para el procesado y envasado de productos naturales para grandes marcas, supermercados y productores.","publisher":{"@id":"https:\/\/racionero.es\/#organization"},"potentialAction":[{"@type":"SearchAction","target":{"@type":"EntryPoint","urlTemplate":"https:\/\/racionero.es\/?s={search_term_string}"},"query-input":{"@type":"PropertyValueSpecification","valueRequired":true,"valueName":"search_term_string"}}],"inLanguage":"en-GB"},{"@type":"Organization","@id":"https:\/\/racionero.es\/#organization","name":"RACIONERO | Procesado y Envasado de Productos Naturales","url":"https:\/\/racionero.es\/","logo":{"@type":"ImageObject","inLanguage":"en-GB","@id":"https:\/\/racionero.es\/#\/schema\/logo\/image\/","url":"https:\/\/racionero.es\/wp-content\/uploads\/racionero-logotipo.svg","contentUrl":"https:\/\/racionero.es\/wp-content\/uploads\/racionero-logotipo.svg","width":397,"height":150,"caption":"RACIONERO | Procesado y Envasado de Productos Naturales"},"image":{"@id":"https:\/\/racionero.es\/#\/schema\/logo\/image\/"}}]}},"_links":{"self":[{"href":"https:\/\/racionero.es\/en\/wp-json\/wp\/v2\/pages\/1278"}],"collection":[{"href":"https:\/\/racionero.es\/en\/wp-json\/wp\/v2\/pages"}],"about":[{"href":"https:\/\/racionero.es\/en\/wp-json\/wp\/v2\/types\/page"}],"author":[{"embeddable":true,"href":"https:\/\/racionero.es\/en\/wp-json\/wp\/v2\/users\/1"}],"replies":[{"embeddable":true,"href":"https:\/\/racionero.es\/en\/wp-json\/wp\/v2\/comments?post=1278"}],"version-history":[{"count":58,"href":"https:\/\/racionero.es\/en\/wp-json\/wp\/v2\/pages\/1278\/revisions"}],"predecessor-version":[{"id":2056,"href":"https:\/\/racionero.es\/en\/wp-json\/wp\/v2\/pages\/1278\/revisions\/2056"}],"wp:attachment":[{"href":"https:\/\/racionero.es\/en\/wp-json\/wp\/v2\/media?parent=1278"}],"curies":[{"name":"wp","href":"https:\/\/api.w.org\/{rel}","templated":true}]}}