{"id":1342,"date":"2024-04-29T14:36:34","date_gmt":"2024-04-29T14:36:34","guid":{"rendered":"https:\/\/racionero.es\/?page_id=1342"},"modified":"2025-10-21T08:36:22","modified_gmt":"2025-10-21T08:36:22","slug":"instalaciones","status":"publish","type":"page","link":"https:\/\/racionero.es\/en\/instalaciones\/","title":{"rendered":"instalaciones"},"content":{"rendered":"<div data-elementor-type=\"wp-page\" data-elementor-id=\"1342\" class=\"elementor elementor-1342\" data-elementor-post-type=\"page\">\n\t\t\t\t<section class=\"elementor-element elementor-element-559979f e-flex e-con-boxed e-con e-parent\" data-id=\"559979f\" data-element_type=\"container\" data-settings=\"{&quot;background_background&quot;:&quot;classic&quot;}\">\n\t\t\t\t\t<div class=\"e-con-inner\">\n\t\t<div class=\"elementor-element elementor-element-a87f6ce e-con-full e-flex e-con e-child\" data-id=\"a87f6ce\" data-element_type=\"container\">\n\t\t\t\t<div class=\"elementor-element elementor-element-c7364a8 animated-slow elementor-invisible elementor-widget elementor-widget-heading\" data-id=\"c7364a8\" data-element_type=\"widget\" data-settings=\"{&quot;_animation&quot;:&quot;bounceInLeft&quot;}\" data-widget_type=\"heading.default\">\n\t\t\t\t<div class=\"elementor-widget-container\">\n\t\t\t\t\t<h1 class=\"elementor-heading-title elementor-size-default\">\nNuestras <b>Instalaciones<\/b><\/h1>\t\t\t\t<\/div>\n\t\t\t\t<\/div>\n\t\t\t\t<div class=\"elementor-element elementor-element-d866f28 animated-slow elementor-invisible elementor-widget elementor-widget-heading\" data-id=\"d866f28\" data-element_type=\"widget\" data-settings=\"{&quot;_animation&quot;:&quot;bounceInLeft&quot;}\" data-widget_type=\"heading.default\">\n\t\t\t\t<div class=\"elementor-widget-container\">\n\t\t\t\t\t<p class=\"elementor-heading-title elementor-size-default\">Satisfaciendo las demandas de nuestros clientes con instalaciones de vanguardia<\/p>\t\t\t\t<\/div>\n\t\t\t\t<\/div>\n\t\t\t\t<div class=\"elementor-element elementor-element-78c5035 elementor-widget__width-auto elementor-invisible elementor-widget elementor-widget-button\" data-id=\"78c5035\" data-element_type=\"widget\" data-settings=\"{&quot;_animation&quot;:&quot;bounceInLeft&quot;,&quot;_animation_delay&quot;:800}\" data-widget_type=\"button.default\">\n\t\t\t\t<div class=\"elementor-widget-container\">\n\t\t\t\t\t\t\t\t\t<div class=\"elementor-button-wrapper\">\n\t\t\t\t\t<a class=\"elementor-button elementor-button-link elementor-size-sm\" href=\"#instalaciones\">\n\t\t\t\t\t\t<span class=\"elementor-button-content-wrapper\">\n\t\t\t\t\t\t<span class=\"elementor-button-icon\">\n\t\t\t\t<svg aria-hidden=\"true\" class=\"e-font-icon-svg e-fas-arrow-right\" viewbox=\"0 0 448 512\" xmlns=\"http:\/\/www.w3.org\/2000\/svg\"><path d=\"M190.5 66.9l22.2-22.2c9.4-9.4 24.6-9.4 33.9 0L441 239c9.4 9.4 9.4 24.6 0 33.9L246.6 467.3c-9.4 9.4-24.6 9.4-33.9 0l-22.2-22.2c-9.5-9.5-9.3-25 .4-34.3L311.4 296H24c-13.3 0-24-10.7-24-24v-32c0-13.3 10.7-24 24-24h287.4L190.9 101.2c-9.8-9.3-10-24.8-.4-34.3z\"><\/path><\/svg>\t\t\t<\/span>\n\t\t\t\t\t\t\t\t\t<span class=\"elementor-button-text\">M\u00e1s Info ...<\/span>\n\t\t\t\t\t<\/span>\n\t\t\t\t\t<\/a>\n\t\t\t\t<\/div>\n\t\t\t\t\t\t\t\t<\/div>\n\t\t\t\t<\/div>\n\t\t\t\t<\/div>\n\t\t<div class=\"elementor-element elementor-element-384a02e e-con-full elementor-hidden-mobile e-flex e-con e-child\" data-id=\"384a02e\" data-element_type=\"container\">\n\t\t\t\t<\/div>\n\t\t\t\t\t<\/div>\n\t\t\t\t<\/section>\n\t\t<div class=\"elementor-element elementor-element-b69f002 e-flex e-con-boxed e-con e-parent\" data-id=\"b69f002\" data-element_type=\"container\" id=\"instalaciones\">\n\t\t\t\t\t<div class=\"e-con-inner\">\n\t\t\t\t<div class=\"elementor-element elementor-element-b63e006 elementor-widget elementor-widget-heading\" data-id=\"b63e006\" data-element_type=\"widget\" data-widget_type=\"heading.default\">\n\t\t\t\t<div class=\"elementor-widget-container\">\n\t\t\t\t\t<p class=\"elementor-heading-title elementor-size-default\">Certificaciones de calidad y un enfoque en la sostenibilidad<\/p>\t\t\t\t<\/div>\n\t\t\t\t<\/div>\n\t\t\t\t<div class=\"elementor-element elementor-element-cb987c8 elementor-widget__width-initial elementor-widget elementor-widget-heading\" data-id=\"cb987c8\" data-element_type=\"widget\" data-widget_type=\"heading.default\">\n\t\t\t\t<div class=\"elementor-widget-container\">\n\t\t\t\t\t<h2 class=\"elementor-heading-title elementor-size-default\">Nuestras instalaciones actuales: Un <b>compromiso<\/b> con la <b>excelencia<\/b><\/h2>\t\t\t\t<\/div>\n\t\t\t\t<\/div>\n\t\t\t\t\t<\/div>\n\t\t\t\t<\/div>\n\t\t<div class=\"elementor-element elementor-element-e27fa8e e-flex e-con-boxed e-con e-parent\" data-id=\"e27fa8e\" data-element_type=\"container\">\n\t\t\t\t\t<div class=\"e-con-inner\">\n\t\t<div class=\"elementor-element elementor-element-71d0a43 e-con-full e-flex e-con e-child\" data-id=\"71d0a43\" data-element_type=\"container\">\n\t\t\t\t<div class=\"elementor-element elementor-element-9a74dc6 elementor-widget elementor-widget-image\" data-id=\"9a74dc6\" data-element_type=\"widget\" data-widget_type=\"image.default\">\n\t\t\t\t<div class=\"elementor-widget-container\">\n\t\t\t\t\t\t\t\t\t\t\t\t\t\t\t<img fetchpriority=\"high\" decoding=\"async\" width=\"903\" height=\"542\" src=\"https:\/\/racionero.es\/wp-content\/uploads\/fachada-racionero.webp\" class=\"attachment-large size-large wp-image-1616\" alt=\"Fachada Racionero\" srcset=\"https:\/\/racionero.es\/wp-content\/uploads\/fachada-racionero.webp 903w, https:\/\/racionero.es\/wp-content\/uploads\/fachada-racionero-300x180.webp 300w, https:\/\/racionero.es\/wp-content\/uploads\/fachada-racionero-768x461.webp 768w\" sizes=\"(max-width: 903px) 100vw, 903px\" \/>\t\t\t\t\t\t\t\t\t\t\t\t\t\t\t<\/div>\n\t\t\t\t<\/div>\n\t\t\t\t<\/div>\n\t\t<div class=\"elementor-element elementor-element-0862d93 e-con-full e-flex e-con e-child\" data-id=\"0862d93\" data-element_type=\"container\">\n\t\t\t\t<div class=\"elementor-element elementor-element-2126ad2 elementor-widget elementor-widget-text-editor\" data-id=\"2126ad2\" data-element_type=\"widget\" data-widget_type=\"text-editor.default\">\n\t\t\t\t<div class=\"elementor-widget-container\">\n\t\t\t\t\t\t\t\t\t<p class=\"p1\">En <strong>RACIONERO<\/strong>, contamos con instalaciones de primera clase ubicadas en <strong>Humanes de Madrid,<\/strong> con una extensi\u00f3n de <strong>2.500<\/strong> metros cuadrados. Nuestra capacidad de envasado alcanza aproximadamente <strong>60 toneladas diarias,<\/strong> lo que nos permite mantener altos est\u00e1ndares de producci\u00f3n y satisfacer las demandas de nuestros clientes de manera eficiente.<\/p><p class=\"p1\">\u00a0<\/p>\t\t\t\t\t\t\t\t<\/div>\n\t\t\t\t<\/div>\n\t\t\t\t<\/div>\n\t\t\t\t\t<\/div>\n\t\t\t\t<\/div>\n\t\t<div class=\"elementor-element elementor-element-5f3166b elementor-hidden-desktop elementor-hidden-tablet elementor-hidden-mobile e-flex e-con-boxed e-con e-parent\" data-id=\"5f3166b\" data-element_type=\"container\" data-settings=\"{&quot;background_background&quot;:&quot;classic&quot;}\">\n\t\t\t\t\t<div class=\"e-con-inner\">\n\t\t\t\t<div class=\"elementor-element elementor-element-657ff17 elementor-widget elementor-widget-heading\" data-id=\"657ff17\" data-element_type=\"widget\" data-widget_type=\"heading.default\">\n\t\t\t\t<div class=\"elementor-widget-container\">\n\t\t\t\t\t<p class=\"elementor-heading-title elementor-size-default\">Una inversi\u00f3n en innovaci\u00f3n, eficiencia y responsabilidad social<\/p>\t\t\t\t<\/div>\n\t\t\t\t<\/div>\n\t\t\t\t<div class=\"elementor-element elementor-element-3a2f6bb elementor-widget__width-initial elementor-widget elementor-widget-heading\" data-id=\"3a2f6bb\" data-element_type=\"widget\" data-widget_type=\"heading.default\">\n\t\t\t\t<div class=\"elementor-widget-container\">\n\t\t\t\t\t<h2 class=\"elementor-heading-title elementor-size-default\">Construyendo el futuro de la alimentaci\u00f3n con  nuestras <b>nuevas instalaciones<\/b><\/h2>\t\t\t\t<\/div>\n\t\t\t\t<\/div>\n\t\t\t\t<div class=\"elementor-element elementor-element-d78b56d elementor-widget elementor-widget-text-editor\" data-id=\"d78b56d\" data-element_type=\"widget\" data-widget_type=\"text-editor.default\">\n\t\t\t\t<div class=\"elementor-widget-container\">\n\t\t\t\t\t\t\t\t\t<p class=\"p1\">Estamos <strong>comprometidos con la excelencia y la innovaci\u00f3n,<\/strong> y es por eso que miramos hacia el futuro con una ambiciosa inversi\u00f3n. Pr\u00f3ximamente, estaremos trasladando nuestras instalaciones a <strong>Illescas<\/strong>, <strong>Toledo<\/strong>, donde estamos construyendo unas nuevas instalaciones de \u00faltima generaci\u00f3n. Estas nuevas instalaciones est\u00e1n dise\u00f1adas para superar las expectativas de nuestros clientes en t\u00e9rminos de servicio y certificaciones de calidad.<\/p><p class=\"p1\">Nuestro enfoque en la calidad y la eficiencia nos permite ofrecer productos de primera calidad, desde legumbres hasta otros alimentos, manteniendo siempre la integridad y frescura que nos distingue. En <strong>Racionero<\/strong>, estamos comprometidos con el crecimiento y la mejora continua para proporcionar a nuestros clientes la mejor experiencia posible.<\/p><p class=\"p1\">Estamos emocionados por este nuevo cap\u00edtulo en nuestra historia y esperamos seguir siendo su proveedor confiable de productos alimenticios de calidad superior.<em><strong> \u00a1Pronto estaremos en Illescas, Toledo, listos para superar sus expectativas!<\/strong><\/em><\/p>\t\t\t\t\t\t\t\t<\/div>\n\t\t\t\t<\/div>\n\t\t\t\t<div class=\"elementor-element elementor-element-152c521 gallery-spacing-custom elementor-widget elementor-widget-image-gallery\" data-id=\"152c521\" data-element_type=\"widget\" data-widget_type=\"image-gallery.default\">\n\t\t\t\t<div class=\"elementor-widget-container\">\n\t\t\t\t\t\t\t<div class=\"elementor-image-gallery\">\n\t\t\t<div id='gallery-1' class='gallery galleryid-1342 gallery-columns-2 gallery-size-large'><figure class='gallery-item'>\n\t\t\t<div class='gallery-icon landscape'>\n\t\t\t\t<a data-elementor-open-lightbox=\"yes\" data-elementor-lightbox-slideshow=\"152c521\" data-elementor-lightbox-title=\"nave-racionero-pajaro\" data-e-action-hash=\"#elementor-action%3Aaction%3Dlightbox%26settings%3DeyJpZCI6MTU4NiwidXJsIjoiaHR0cHM6XC9cL3JhY2lvbmVyby5lc1wvd3AtY29udGVudFwvdXBsb2Fkc1wvbmF2ZS1yYWNpb25lcm8tcGFqYXJvLndlYnAiLCJzbGlkZXNob3ciOiIxNTJjNTIxIn0%3D\" href='https:\/\/racionero.es\/wp-content\/uploads\/nave-racionero-pajaro.webp'><img decoding=\"async\" width=\"1024\" height=\"576\" src=\"https:\/\/racionero.es\/wp-content\/uploads\/nave-racionero-pajaro-1024x576.webp\" class=\"attachment-large size-large\" alt=\"Nave Racionero\" srcset=\"https:\/\/racionero.es\/wp-content\/uploads\/nave-racionero-pajaro-1024x576.webp 1024w, https:\/\/racionero.es\/wp-content\/uploads\/nave-racionero-pajaro-300x169.webp 300w, https:\/\/racionero.es\/wp-content\/uploads\/nave-racionero-pajaro-768x432.webp 768w, https:\/\/racionero.es\/wp-content\/uploads\/nave-racionero-pajaro.webp 1250w\" sizes=\"(max-width: 1024px) 100vw, 1024px\" \/><\/a>\n\t\t\t<\/div><\/figure><figure class='gallery-item'>\n\t\t\t<div class='gallery-icon landscape'>\n\t\t\t\t<a data-elementor-open-lightbox=\"yes\" data-elementor-lightbox-slideshow=\"152c521\" data-elementor-lightbox-title=\"nave-racionero-02\" data-e-action-hash=\"#elementor-action%3Aaction%3Dlightbox%26settings%3DeyJpZCI6MTU5NCwidXJsIjoiaHR0cHM6XC9cL3JhY2lvbmVyby5lc1wvd3AtY29udGVudFwvdXBsb2Fkc1wvbmF2ZS1yYWNpb25lcm8tMDIud2VicCIsInNsaWRlc2hvdyI6IjE1MmM1MjEifQ%3D%3D\" href='https:\/\/racionero.es\/wp-content\/uploads\/nave-racionero-02.webp'><img decoding=\"async\" width=\"1024\" height=\"576\" src=\"https:\/\/racionero.es\/wp-content\/uploads\/nave-racionero-02-1024x576.webp\" class=\"attachment-large size-large\" alt=\"Nave racionero\" srcset=\"https:\/\/racionero.es\/wp-content\/uploads\/nave-racionero-02-1024x576.webp 1024w, https:\/\/racionero.es\/wp-content\/uploads\/nave-racionero-02-300x169.webp 300w, https:\/\/racionero.es\/wp-content\/uploads\/nave-racionero-02-768x432.webp 768w, https:\/\/racionero.es\/wp-content\/uploads\/nave-racionero-02.webp 1250w\" sizes=\"(max-width: 1024px) 100vw, 1024px\" \/><\/a>\n\t\t\t<\/div><\/figure>\n\t\t<\/div>\n\t\t<\/div>\n\t\t\t\t\t\t<\/div>\n\t\t\t\t<\/div>\n\t\t\t\t\t<\/div>\n\t\t\t\t<\/div>\n\t\t\t\t<\/div>","protected":false},"excerpt":{"rendered":"<p>Nuestras Instalaciones Satisfaciendo las demandas de nuestros clientes con instalaciones de vanguardia M\u00e1s Info &#8230; Certificaciones de calidad y un [&hellip;]<\/p>","protected":false},"author":1,"featured_media":0,"parent":0,"menu_order":0,"comment_status":"closed","ping_status":"closed","template":"","meta":{"site-sidebar-layout":"no-sidebar","site-content-layout":"","ast-site-content-layout":"full-width-container","site-content-style":"default","site-sidebar-style":"default","ast-global-header-display":"","ast-banner-title-visibility":"","ast-main-header-display":"","ast-hfb-above-header-display":"","ast-hfb-below-header-display":"","ast-hfb-mobile-header-display":"","site-post-title":"disabled","ast-breadcrumbs-content":"","ast-featured-img":"disabled","footer-sml-layout":"","theme-transparent-header-meta":"default","adv-header-id-meta":"","stick-header-meta":"","header-above-stick-meta":"","header-main-stick-meta":"","header-below-stick-meta":"","astra-migrate-meta-layouts":"set","ast-page-background-enabled":"default","ast-page-background-meta":{"desktop":{"background-color":"var(--ast-global-color-4)","background-image":"","background-repeat":"repeat","background-position":"center center","background-size":"auto","background-attachment":"scroll","background-type":"","background-media":"","overlay-type":"","overlay-color":"","overlay-gradient":""},"tablet":{"background-color":"","background-image":"","background-repeat":"repeat","background-position":"center center","background-size":"auto","background-attachment":"scroll","background-type":"","background-media":"","overlay-type":"","overlay-color":"","overlay-gradient":""},"mobile":{"background-color":"","background-image":"","background-repeat":"repeat","background-position":"center center","background-size":"auto","background-attachment":"scroll","background-type":"","background-media":"","overlay-type":"","overlay-color":"","overlay-gradient":""}},"ast-content-background-meta":{"desktop":{"background-color":"var(--ast-global-color-5)","background-image":"","background-repeat":"repeat","background-position":"center center","background-size":"auto","background-attachment":"scroll","background-type":"","background-media":"","overlay-type":"","overlay-color":"","overlay-gradient":""},"tablet":{"background-color":"var(--ast-global-color-5)","background-image":"","background-repeat":"repeat","background-position":"center center","background-size":"auto","background-attachment":"scroll","background-type":"","background-media":"","overlay-type":"","overlay-color":"","overlay-gradient":""},"mobile":{"background-color":"var(--ast-global-color-5)","background-image":"","background-repeat":"repeat","background-position":"center center","background-size":"auto","background-attachment":"scroll","background-type":"","background-media":"","overlay-type":"","overlay-color":"","overlay-gradient":""}},"footnotes":""},"yoast_head":"<!-- This site is optimized with the Yoast SEO plugin v24.3 - https:\/\/yoast.com\/wordpress\/plugins\/seo\/ -->\n<title>Dise\u00f1o, procesado y envasado de marcas de distribuidor (MDD)<\/title>\n<meta name=\"description\" content=\"Somos expertos en la creaci\u00f3n marcas de distribuidor (MDD) de la m\u00e1s alta calidad. Te ofrecemos soluciones personalizadas que se adaptan perfectamente a las necesidades de tu negocio.\" \/>\n<meta name=\"robots\" content=\"index, follow, max-snippet:-1, max-image-preview:large, max-video-preview:-1\" \/>\n<link rel=\"canonical\" href=\"https:\/\/racionero.es\/en\/instalaciones\/\" \/>\n<meta property=\"og:locale\" content=\"en_GB\" \/>\n<meta property=\"og:type\" content=\"article\" \/>\n<meta property=\"og:title\" content=\"Dise\u00f1o, procesado y envasado de marcas de distribuidor (MDD)\" \/>\n<meta property=\"og:description\" content=\"Somos expertos en la creaci\u00f3n marcas de distribuidor (MDD) de la m\u00e1s alta calidad. Te ofrecemos soluciones personalizadas que se adaptan perfectamente a las necesidades de tu negocio.\" \/>\n<meta property=\"og:url\" content=\"https:\/\/racionero.es\/en\/instalaciones\/\" \/>\n<meta property=\"og:site_name\" content=\"RACIONERO | Procesado y Envasado de Productos Naturales\" \/>\n<meta property=\"article:modified_time\" content=\"2025-10-21T08:36:22+00:00\" \/>\n<meta property=\"og:image\" content=\"https:\/\/racionero.es\/wp-content\/uploads\/fachada-racionero.webp\" \/>\n\t<meta property=\"og:image:width\" content=\"903\" \/>\n\t<meta property=\"og:image:height\" content=\"542\" \/>\n\t<meta property=\"og:image:type\" content=\"image\/webp\" \/>\n<meta name=\"twitter:card\" content=\"summary_large_image\" \/>\n<meta name=\"twitter:label1\" content=\"Estimated reading time\" \/>\n\t<meta name=\"twitter:data1\" content=\"2 minutes\" \/>\n<script type=\"application\/ld+json\" class=\"yoast-schema-graph\">{\"@context\":\"https:\/\/schema.org\",\"@graph\":[{\"@type\":\"WebPage\",\"@id\":\"https:\/\/racionero.es\/instalaciones\/\",\"url\":\"https:\/\/racionero.es\/instalaciones\/\",\"name\":\"Dise\u00f1o, procesado y envasado de marcas de distribuidor (MDD)\",\"isPartOf\":{\"@id\":\"https:\/\/racionero.es\/#website\"},\"primaryImageOfPage\":{\"@id\":\"https:\/\/racionero.es\/instalaciones\/#primaryimage\"},\"image\":{\"@id\":\"https:\/\/racionero.es\/instalaciones\/#primaryimage\"},\"thumbnailUrl\":\"https:\/\/racionero.es\/wp-content\/uploads\/fachada-racionero.webp\",\"datePublished\":\"2024-04-29T14:36:34+00:00\",\"dateModified\":\"2025-10-21T08:36:22+00:00\",\"description\":\"Somos expertos en la creaci\u00f3n marcas de distribuidor (MDD) de la m\u00e1s alta calidad. Te ofrecemos soluciones personalizadas que se adaptan perfectamente a las necesidades de tu negocio.\",\"breadcrumb\":{\"@id\":\"https:\/\/racionero.es\/instalaciones\/#breadcrumb\"},\"inLanguage\":\"en-GB\",\"potentialAction\":[{\"@type\":\"ReadAction\",\"target\":[\"https:\/\/racionero.es\/instalaciones\/\"]}]},{\"@type\":\"ImageObject\",\"inLanguage\":\"en-GB\",\"@id\":\"https:\/\/racionero.es\/instalaciones\/#primaryimage\",\"url\":\"https:\/\/racionero.es\/wp-content\/uploads\/fachada-racionero.webp\",\"contentUrl\":\"https:\/\/racionero.es\/wp-content\/uploads\/fachada-racionero.webp\"},{\"@type\":\"BreadcrumbList\",\"@id\":\"https:\/\/racionero.es\/instalaciones\/#breadcrumb\",\"itemListElement\":[{\"@type\":\"ListItem\",\"position\":1,\"name\":\"Portada\",\"item\":\"https:\/\/racionero.es\/\"},{\"@type\":\"ListItem\",\"position\":2,\"name\":\"instalaciones\"}]},{\"@type\":\"WebSite\",\"@id\":\"https:\/\/racionero.es\/#website\",\"url\":\"https:\/\/racionero.es\/\",\"name\":\"RACIONERO | Procesado y Envasado de Productos Naturales\",\"description\":\"Soluciones personaliadas para el procesado y envasado de productos naturales para grandes marcas, supermercados y productores.\",\"publisher\":{\"@id\":\"https:\/\/racionero.es\/#organization\"},\"potentialAction\":[{\"@type\":\"SearchAction\",\"target\":{\"@type\":\"EntryPoint\",\"urlTemplate\":\"https:\/\/racionero.es\/?s={search_term_string}\"},\"query-input\":{\"@type\":\"PropertyValueSpecification\",\"valueRequired\":true,\"valueName\":\"search_term_string\"}}],\"inLanguage\":\"en-GB\"},{\"@type\":\"Organization\",\"@id\":\"https:\/\/racionero.es\/#organization\",\"name\":\"RACIONERO | Procesado y Envasado de Productos Naturales\",\"url\":\"https:\/\/racionero.es\/\",\"logo\":{\"@type\":\"ImageObject\",\"inLanguage\":\"en-GB\",\"@id\":\"https:\/\/racionero.es\/#\/schema\/logo\/image\/\",\"url\":\"https:\/\/racionero.es\/wp-content\/uploads\/racionero-logotipo.svg\",\"contentUrl\":\"https:\/\/racionero.es\/wp-content\/uploads\/racionero-logotipo.svg\",\"width\":397,\"height\":150,\"caption\":\"RACIONERO | Procesado y Envasado de Productos Naturales\"},\"image\":{\"@id\":\"https:\/\/racionero.es\/#\/schema\/logo\/image\/\"}}]}<\/script>\n<!-- \/ Yoast SEO plugin. -->","yoast_head_json":{"title":"Dise\u00f1o, procesado y envasado de marcas de distribuidor (MDD)","description":"Somos expertos en la creaci\u00f3n marcas de distribuidor (MDD) de la m\u00e1s alta calidad. Te ofrecemos soluciones personalizadas que se adaptan perfectamente a las necesidades de tu negocio.","robots":{"index":"index","follow":"follow","max-snippet":"max-snippet:-1","max-image-preview":"max-image-preview:large","max-video-preview":"max-video-preview:-1"},"canonical":"https:\/\/racionero.es\/en\/instalaciones\/","og_locale":"en_GB","og_type":"article","og_title":"Dise\u00f1o, procesado y envasado de marcas de distribuidor (MDD)","og_description":"Somos expertos en la creaci\u00f3n marcas de distribuidor (MDD) de la m\u00e1s alta calidad. Te ofrecemos soluciones personalizadas que se adaptan perfectamente a las necesidades de tu negocio.","og_url":"https:\/\/racionero.es\/en\/instalaciones\/","og_site_name":"RACIONERO | Procesado y Envasado de Productos Naturales","article_modified_time":"2025-10-21T08:36:22+00:00","og_image":[{"width":903,"height":542,"url":"https:\/\/racionero.es\/wp-content\/uploads\/fachada-racionero.webp","type":"image\/webp"}],"twitter_card":"summary_large_image","twitter_misc":{"Estimated reading time":"2 minutes"},"schema":{"@context":"https:\/\/schema.org","@graph":[{"@type":"WebPage","@id":"https:\/\/racionero.es\/instalaciones\/","url":"https:\/\/racionero.es\/instalaciones\/","name":"Dise\u00f1o, procesado y envasado de marcas de distribuidor (MDD)","isPartOf":{"@id":"https:\/\/racionero.es\/#website"},"primaryImageOfPage":{"@id":"https:\/\/racionero.es\/instalaciones\/#primaryimage"},"image":{"@id":"https:\/\/racionero.es\/instalaciones\/#primaryimage"},"thumbnailUrl":"https:\/\/racionero.es\/wp-content\/uploads\/fachada-racionero.webp","datePublished":"2024-04-29T14:36:34+00:00","dateModified":"2025-10-21T08:36:22+00:00","description":"Somos expertos en la creaci\u00f3n marcas de distribuidor (MDD) de la m\u00e1s alta calidad. Te ofrecemos soluciones personalizadas que se adaptan perfectamente a las necesidades de tu negocio.","breadcrumb":{"@id":"https:\/\/racionero.es\/instalaciones\/#breadcrumb"},"inLanguage":"en-GB","potentialAction":[{"@type":"ReadAction","target":["https:\/\/racionero.es\/instalaciones\/"]}]},{"@type":"ImageObject","inLanguage":"en-GB","@id":"https:\/\/racionero.es\/instalaciones\/#primaryimage","url":"https:\/\/racionero.es\/wp-content\/uploads\/fachada-racionero.webp","contentUrl":"https:\/\/racionero.es\/wp-content\/uploads\/fachada-racionero.webp"},{"@type":"BreadcrumbList","@id":"https:\/\/racionero.es\/instalaciones\/#breadcrumb","itemListElement":[{"@type":"ListItem","position":1,"name":"Portada","item":"https:\/\/racionero.es\/"},{"@type":"ListItem","position":2,"name":"instalaciones"}]},{"@type":"WebSite","@id":"https:\/\/racionero.es\/#website","url":"https:\/\/racionero.es\/","name":"RACIONERO | Procesado y Envasado de Productos Naturales","description":"Soluciones personaliadas para el procesado y envasado de productos naturales para grandes marcas, supermercados y productores.","publisher":{"@id":"https:\/\/racionero.es\/#organization"},"potentialAction":[{"@type":"SearchAction","target":{"@type":"EntryPoint","urlTemplate":"https:\/\/racionero.es\/?s={search_term_string}"},"query-input":{"@type":"PropertyValueSpecification","valueRequired":true,"valueName":"search_term_string"}}],"inLanguage":"en-GB"},{"@type":"Organization","@id":"https:\/\/racionero.es\/#organization","name":"RACIONERO | Procesado y Envasado de Productos Naturales","url":"https:\/\/racionero.es\/","logo":{"@type":"ImageObject","inLanguage":"en-GB","@id":"https:\/\/racionero.es\/#\/schema\/logo\/image\/","url":"https:\/\/racionero.es\/wp-content\/uploads\/racionero-logotipo.svg","contentUrl":"https:\/\/racionero.es\/wp-content\/uploads\/racionero-logotipo.svg","width":397,"height":150,"caption":"RACIONERO | Procesado y Envasado de Productos Naturales"},"image":{"@id":"https:\/\/racionero.es\/#\/schema\/logo\/image\/"}}]}},"_links":{"self":[{"href":"https:\/\/racionero.es\/en\/wp-json\/wp\/v2\/pages\/1342"}],"collection":[{"href":"https:\/\/racionero.es\/en\/wp-json\/wp\/v2\/pages"}],"about":[{"href":"https:\/\/racionero.es\/en\/wp-json\/wp\/v2\/types\/page"}],"author":[{"embeddable":true,"href":"https:\/\/racionero.es\/en\/wp-json\/wp\/v2\/users\/1"}],"replies":[{"embeddable":true,"href":"https:\/\/racionero.es\/en\/wp-json\/wp\/v2\/comments?post=1342"}],"version-history":[{"count":97,"href":"https:\/\/racionero.es\/en\/wp-json\/wp\/v2\/pages\/1342\/revisions"}],"predecessor-version":[{"id":2099,"href":"https:\/\/racionero.es\/en\/wp-json\/wp\/v2\/pages\/1342\/revisions\/2099"}],"wp:attachment":[{"href":"https:\/\/racionero.es\/en\/wp-json\/wp\/v2\/media?parent=1342"}],"curies":[{"name":"wp","href":"https:\/\/api.w.org\/{rel}","templated":true}]}}