{"id":1546,"date":"2024-04-30T11:54:54","date_gmt":"2024-04-30T11:54:54","guid":{"rendered":"https:\/\/racionero.es\/?page_id=1546"},"modified":"2024-07-17T11:05:13","modified_gmt":"2024-07-17T11:05:13","slug":"aviso-legal","status":"publish","type":"page","link":"https:\/\/racionero.es\/en\/aviso-legal\/","title":{"rendered":"Legal Warning"},"content":{"rendered":"<h2><strong>Propiedad intelectual e industrial<\/strong><\/h2>\n<p>El dise\u00f1o del portal y sus c\u00f3digos fuente, as\u00ed como los logos, marcas y dem\u00e1s signos distintivos que aparecen en el mismo pertenecen a ( Industrias Racionero, S.A.) y est\u00e1n protegidos por los correspondientes derechos de propiedad intelectual e industrial.<\/p>\n<h2><strong>Responsabilidad de los contenidos<\/strong><\/h2>\n<p><strong>Industrias Racionero, S.A.<\/strong>, con CIF A28608206 no se hace responsable de la legalidad de otros sitios web de terceros desde los que pueda accederse al portal. Tampoco responde por la legalidad de otros sitios web de terceros, que pudieran estar vinculados o enlazados desde este portal.<\/p>\n<p><strong>Industrias Racionero, S.A.<\/strong>, con CIF A28608206 no ser\u00e1 responsable del uso que terceros hagan de la informaci\u00f3n publicada en el portal, ni tampoco de los da\u00f1os sufridos o p\u00e9rdidas econ\u00f3micas que, de forma directa o indirecta, produzcan o puedan producir perjuicios econ\u00f3micos, materiales o sobre datos, provocados por el uso de dicha informaci\u00f3n.<\/p>\n<h2><strong>Reproducci\u00f3n de contenidos<\/strong><\/h2>\n<p>En virtud de lo dispuesto en la Ley de Propiedad Intelectual quedan expresamente prohibidas la reproducci\u00f3n, la distribuci\u00f3n y la comunicaci\u00f3n p\u00fablica de la totalidad o parte de los contenidos de esta p\u00e1gina web, con fines comerciales en cualquier soporte, y por cualquier medio t\u00e9cnico, sin la autorizaci\u00f3n de Industrias Racionero, S.A.<\/p>\n<h2><strong>Ley aplicable<\/strong><\/h2>\n<p>Industrias Racionero, S.A., con CIF A28608206 se reserva la facultad de presentar las acciones civiles o penales que considere necesaria por la utilizaci\u00f3n indebida del sitio Web y contenidos, o por el incumplimiento de las presentes condiciones.<\/p>\n<p>La relaci\u00f3n entre el usuario y Industrias Racionero, S.A, con CIF A28608206 se regir\u00e1 por la normativa vigente y de aplicaci\u00f3n en el territorio nacional. De surgir cualquier controversia en relaci\u00f3n a la interpretaci\u00f3n y\/o a la aplicaci\u00f3n de estas condiciones, las partes someter\u00e1n los conflictos a la jurisdicci\u00f3n ordinaria, someti\u00e9ndose a los Jueces y Tribunales que correspondan conforme a Derecho.<\/p>\n<p>As\u00ed mismo le informamos que dispone de un procedimiento de resoluci\u00f3n extrajudicial de controversias gratuito y accesible a todos los ciudadanos, se trata de la plataforma de resoluci\u00f3n de litigios en l\u00ednea de la Uni\u00f3n\u00a0Europea, accesible a trav\u00e9s del siguiente enlace: <a href=\"https:\/\/ec.europa.eu\/consumers\/odr\/main\/?event=main.home2.show\">https:\/\/ec.europa.eu\/consumers\/odr\/main\/?event=main.home2.show<\/a><\/p>\n<h2><strong>Cookies<\/strong><\/h2>\n<p>Dispone de un apartado concreto que le informa sobre su existencia as\u00ed como de su pol\u00edtica de uso. Consulte el apartado \u201c<a href=\"https:\/\/racionero.es\/politica-cookies\/\">pol\u00edtica de cookies<\/a>\u201d.<\/p>\n<h2><strong>Datos personales de menores<\/strong><\/h2>\n<p>Esta p\u00e1gina web no est\u00e1 dirigida a usuarios menores de edad. Si usted es menor de edad, por favor no intente registrarse como usuario. Si descubrimos que por error hemos obtenido informaci\u00f3n personal de un menor, eliminaremos dicha informaci\u00f3n lo antes posible.<\/p>\n<h2><strong>Ejercicio de los derechos de protecci\u00f3n de datos<\/strong><\/h2>\n<p>De acuerdo con los derechos que confiere la normativa vigente en materia de protecci\u00f3n de datos de car\u00e1cter personal, el usuario podr\u00e1 ejercer los derechos de acceso, rectificaci\u00f3n, limitaci\u00f3n de tratamiento, supresi\u00f3n, portabilidad y oposici\u00f3n al tratamiento de sus datos dirigiendo su petici\u00f3n a la direcci\u00f3n postal indicada o al\u00a0correo electr\u00f3nico info@racionero.es<\/p>\n<h2><strong>Para el ejercicio de los derechos deber\u00e1 identificarse mediante la presentaci\u00f3n de su DNI.<\/strong><\/h2>\n<p>Para cualquier reclamaci\u00f3n puede dirigirse al correo electr\u00f3nico info@racionero.es Igualmente podr\u00e1 dirigirse a la Agencia Espa\u00f1ola de Protecci\u00f3n de Datos: <a href=\"https:\/\/www.aepd.es\">https:\/\/www.aepd.es<\/a><\/p>\n<p>&nbsp;<\/p>","protected":false},"excerpt":{"rendered":"<p>Propiedad intelectual e industrial El dise\u00f1o del portal y sus c\u00f3digos fuente, as\u00ed como los logos, marcas y dem\u00e1s signos [&hellip;]<\/p>","protected":false},"author":1,"featured_media":0,"parent":0,"menu_order":0,"comment_status":"closed","ping_status":"closed","template":"","meta":{"site-sidebar-layout":"default","site-content-layout":"","ast-site-content-layout":"default","site-content-style":"default","site-sidebar-style":"default","ast-global-header-display":"","ast-banner-title-visibility":"","ast-main-header-display":"","ast-hfb-above-header-display":"","ast-hfb-below-header-display":"","ast-hfb-mobile-header-display":"","site-post-title":"","ast-breadcrumbs-content":"","ast-featured-img":"","footer-sml-layout":"","theme-transparent-header-meta":"default","adv-header-id-meta":"","stick-header-meta":"","header-above-stick-meta":"","header-main-stick-meta":"","header-below-stick-meta":"","astra-migrate-meta-layouts":"set","ast-page-background-enabled":"default","ast-page-background-meta":{"desktop":{"background-color":"var(--ast-global-color-4)","background-image":"","background-repeat":"repeat","background-position":"center center","background-size":"auto","background-attachment":"scroll","background-type":"","background-media":"","overlay-type":"","overlay-color":"","overlay-gradient":""},"tablet":{"background-color":"","background-image":"","background-repeat":"repeat","background-position":"center center","background-size":"auto","background-attachment":"scroll","background-type":"","background-media":"","overlay-type":"","overlay-color":"","overlay-gradient":""},"mobile":{"background-color":"","background-image":"","background-repeat":"repeat","background-position":"center center","background-size":"auto","background-attachment":"scroll","background-type":"","background-media":"","overlay-type":"","overlay-color":"","overlay-gradient":""}},"ast-content-background-meta":{"desktop":{"background-color":"var(--ast-global-color-5)","background-image":"","background-repeat":"repeat","background-position":"center center","background-size":"auto","background-attachment":"scroll","background-type":"","background-media":"","overlay-type":"","overlay-color":"","overlay-gradient":""},"tablet":{"background-color":"var(--ast-global-color-5)","background-image":"","background-repeat":"repeat","background-position":"center center","background-size":"auto","background-attachment":"scroll","background-type":"","background-media":"","overlay-type":"","overlay-color":"","overlay-gradient":""},"mobile":{"background-color":"var(--ast-global-color-5)","background-image":"","background-repeat":"repeat","background-position":"center center","background-size":"auto","background-attachment":"scroll","background-type":"","background-media":"","overlay-type":"","overlay-color":"","overlay-gradient":""}},"footnotes":""},"yoast_head":"<!-- This site is optimized with the Yoast SEO plugin v24.3 - https:\/\/yoast.com\/wordpress\/plugins\/seo\/ -->\n<title>Aviso Legal - RACIONERO | Procesado y Envasado de Productos Naturales<\/title>\n<meta name=\"robots\" content=\"index, follow, max-snippet:-1, max-image-preview:large, max-video-preview:-1\" \/>\n<link rel=\"canonical\" href=\"https:\/\/racionero.es\/en\/aviso-legal\/\" \/>\n<meta property=\"og:locale\" content=\"en_GB\" \/>\n<meta property=\"og:type\" content=\"article\" \/>\n<meta property=\"og:title\" content=\"Aviso Legal - RACIONERO | Procesado y Envasado de Productos Naturales\" \/>\n<meta property=\"og:description\" content=\"Propiedad intelectual e industrial El dise\u00f1o del portal y sus c\u00f3digos fuente, as\u00ed como los logos, marcas y dem\u00e1s signos [&hellip;]\" \/>\n<meta property=\"og:url\" content=\"https:\/\/racionero.es\/en\/aviso-legal\/\" \/>\n<meta property=\"og:site_name\" content=\"RACIONERO | Procesado y Envasado de Productos Naturales\" \/>\n<meta property=\"article:modified_time\" content=\"2024-07-17T11:05:13+00:00\" \/>\n<meta name=\"twitter:card\" content=\"summary_large_image\" \/>\n<meta name=\"twitter:label1\" content=\"Estimated reading time\" \/>\n\t<meta name=\"twitter:data1\" content=\"3 minutes\" \/>\n<script type=\"application\/ld+json\" class=\"yoast-schema-graph\">{\"@context\":\"https:\/\/schema.org\",\"@graph\":[{\"@type\":\"WebPage\",\"@id\":\"https:\/\/racionero.es\/aviso-legal\/\",\"url\":\"https:\/\/racionero.es\/aviso-legal\/\",\"name\":\"Aviso Legal - RACIONERO | Procesado y Envasado de Productos Naturales\",\"isPartOf\":{\"@id\":\"https:\/\/racionero.es\/#website\"},\"datePublished\":\"2024-04-30T11:54:54+00:00\",\"dateModified\":\"2024-07-17T11:05:13+00:00\",\"breadcrumb\":{\"@id\":\"https:\/\/racionero.es\/aviso-legal\/#breadcrumb\"},\"inLanguage\":\"en-GB\",\"potentialAction\":[{\"@type\":\"ReadAction\",\"target\":[\"https:\/\/racionero.es\/aviso-legal\/\"]}]},{\"@type\":\"BreadcrumbList\",\"@id\":\"https:\/\/racionero.es\/aviso-legal\/#breadcrumb\",\"itemListElement\":[{\"@type\":\"ListItem\",\"position\":1,\"name\":\"Portada\",\"item\":\"https:\/\/racionero.es\/\"},{\"@type\":\"ListItem\",\"position\":2,\"name\":\"Aviso Legal\"}]},{\"@type\":\"WebSite\",\"@id\":\"https:\/\/racionero.es\/#website\",\"url\":\"https:\/\/racionero.es\/\",\"name\":\"RACIONERO | Procesado y Envasado de Productos Naturales\",\"description\":\"Soluciones personaliadas para el procesado y envasado de productos naturales para grandes marcas, supermercados y productores.\",\"publisher\":{\"@id\":\"https:\/\/racionero.es\/#organization\"},\"potentialAction\":[{\"@type\":\"SearchAction\",\"target\":{\"@type\":\"EntryPoint\",\"urlTemplate\":\"https:\/\/racionero.es\/?s={search_term_string}\"},\"query-input\":{\"@type\":\"PropertyValueSpecification\",\"valueRequired\":true,\"valueName\":\"search_term_string\"}}],\"inLanguage\":\"en-GB\"},{\"@type\":\"Organization\",\"@id\":\"https:\/\/racionero.es\/#organization\",\"name\":\"RACIONERO | Procesado y Envasado de Productos Naturales\",\"url\":\"https:\/\/racionero.es\/\",\"logo\":{\"@type\":\"ImageObject\",\"inLanguage\":\"en-GB\",\"@id\":\"https:\/\/racionero.es\/#\/schema\/logo\/image\/\",\"url\":\"https:\/\/racionero.es\/wp-content\/uploads\/racionero-logotipo.svg\",\"contentUrl\":\"https:\/\/racionero.es\/wp-content\/uploads\/racionero-logotipo.svg\",\"width\":397,\"height\":150,\"caption\":\"RACIONERO | Procesado y Envasado de Productos Naturales\"},\"image\":{\"@id\":\"https:\/\/racionero.es\/#\/schema\/logo\/image\/\"}}]}<\/script>\n<!-- \/ Yoast SEO plugin. -->","yoast_head_json":{"title":"Aviso Legal - RACIONERO | Procesado y Envasado de Productos Naturales","robots":{"index":"index","follow":"follow","max-snippet":"max-snippet:-1","max-image-preview":"max-image-preview:large","max-video-preview":"max-video-preview:-1"},"canonical":"https:\/\/racionero.es\/en\/aviso-legal\/","og_locale":"en_GB","og_type":"article","og_title":"Aviso Legal - RACIONERO | Procesado y Envasado de Productos Naturales","og_description":"Propiedad intelectual e industrial El dise\u00f1o del portal y sus c\u00f3digos fuente, as\u00ed como los logos, marcas y dem\u00e1s signos [&hellip;]","og_url":"https:\/\/racionero.es\/en\/aviso-legal\/","og_site_name":"RACIONERO | Procesado y Envasado de Productos Naturales","article_modified_time":"2024-07-17T11:05:13+00:00","twitter_card":"summary_large_image","twitter_misc":{"Estimated reading time":"3 minutes"},"schema":{"@context":"https:\/\/schema.org","@graph":[{"@type":"WebPage","@id":"https:\/\/racionero.es\/aviso-legal\/","url":"https:\/\/racionero.es\/aviso-legal\/","name":"Aviso Legal - RACIONERO | Procesado y Envasado de Productos Naturales","isPartOf":{"@id":"https:\/\/racionero.es\/#website"},"datePublished":"2024-04-30T11:54:54+00:00","dateModified":"2024-07-17T11:05:13+00:00","breadcrumb":{"@id":"https:\/\/racionero.es\/aviso-legal\/#breadcrumb"},"inLanguage":"en-GB","potentialAction":[{"@type":"ReadAction","target":["https:\/\/racionero.es\/aviso-legal\/"]}]},{"@type":"BreadcrumbList","@id":"https:\/\/racionero.es\/aviso-legal\/#breadcrumb","itemListElement":[{"@type":"ListItem","position":1,"name":"Portada","item":"https:\/\/racionero.es\/"},{"@type":"ListItem","position":2,"name":"Aviso Legal"}]},{"@type":"WebSite","@id":"https:\/\/racionero.es\/#website","url":"https:\/\/racionero.es\/","name":"RACIONERO | Procesado y Envasado de Productos Naturales","description":"Soluciones personaliadas para el procesado y envasado de productos naturales para grandes marcas, supermercados y productores.","publisher":{"@id":"https:\/\/racionero.es\/#organization"},"potentialAction":[{"@type":"SearchAction","target":{"@type":"EntryPoint","urlTemplate":"https:\/\/racionero.es\/?s={search_term_string}"},"query-input":{"@type":"PropertyValueSpecification","valueRequired":true,"valueName":"search_term_string"}}],"inLanguage":"en-GB"},{"@type":"Organization","@id":"https:\/\/racionero.es\/#organization","name":"RACIONERO | Procesado y Envasado de Productos Naturales","url":"https:\/\/racionero.es\/","logo":{"@type":"ImageObject","inLanguage":"en-GB","@id":"https:\/\/racionero.es\/#\/schema\/logo\/image\/","url":"https:\/\/racionero.es\/wp-content\/uploads\/racionero-logotipo.svg","contentUrl":"https:\/\/racionero.es\/wp-content\/uploads\/racionero-logotipo.svg","width":397,"height":150,"caption":"RACIONERO | Procesado y Envasado de Productos Naturales"},"image":{"@id":"https:\/\/racionero.es\/#\/schema\/logo\/image\/"}}]}},"_links":{"self":[{"href":"https:\/\/racionero.es\/en\/wp-json\/wp\/v2\/pages\/1546"}],"collection":[{"href":"https:\/\/racionero.es\/en\/wp-json\/wp\/v2\/pages"}],"about":[{"href":"https:\/\/racionero.es\/en\/wp-json\/wp\/v2\/types\/page"}],"author":[{"embeddable":true,"href":"https:\/\/racionero.es\/en\/wp-json\/wp\/v2\/users\/1"}],"replies":[{"embeddable":true,"href":"https:\/\/racionero.es\/en\/wp-json\/wp\/v2\/comments?post=1546"}],"version-history":[{"count":4,"href":"https:\/\/racionero.es\/en\/wp-json\/wp\/v2\/pages\/1546\/revisions"}],"predecessor-version":[{"id":2073,"href":"https:\/\/racionero.es\/en\/wp-json\/wp\/v2\/pages\/1546\/revisions\/2073"}],"wp:attachment":[{"href":"https:\/\/racionero.es\/en\/wp-json\/wp\/v2\/media?parent=1546"}],"curies":[{"name":"wp","href":"https:\/\/api.w.org\/{rel}","templated":true}]}}