{"id":2061,"date":"2024-07-15T12:00:08","date_gmt":"2024-07-15T12:00:08","guid":{"rendered":"https:\/\/racionero.es\/?page_id=2061"},"modified":"2024-07-15T12:00:47","modified_gmt":"2024-07-15T12:00:47","slug":"disclaimer","status":"publish","type":"page","link":"https:\/\/racionero.es\/en\/disclaimer\/","title":{"rendered":"Disclaimer"},"content":{"rendered":"<p>El contenido de este correo electr\u00f3nico es estrictamente confidencial y s\u00f3lo va dirigido al destinatario especificado. Se proh\u00edbe compartir el correo electr\u00f3nico o su contenido con terceros sin el consentimiento por escrito del remitente. Si recibiste este correo electr\u00f3nico por error, por favor, av\u00edsanos para que no vuelva a ocurrir en el futuro y elimina este mensaje<\/p>","protected":false},"excerpt":{"rendered":"<p>El contenido de este correo electr\u00f3nico es estrictamente confidencial y s\u00f3lo va dirigido al destinatario especificado. Se proh\u00edbe compartir el [&hellip;]<\/p>","protected":false},"author":1,"featured_media":0,"parent":0,"menu_order":0,"comment_status":"closed","ping_status":"closed","template":"","meta":{"site-sidebar-layout":"default","site-content-layout":"","ast-site-content-layout":"default","site-content-style":"default","site-sidebar-style":"default","ast-global-header-display":"","ast-banner-title-visibility":"","ast-main-header-display":"","ast-hfb-above-header-display":"","ast-hfb-below-header-display":"","ast-hfb-mobile-header-display":"","site-post-title":"","ast-breadcrumbs-content":"","ast-featured-img":"","footer-sml-layout":"","theme-transparent-header-meta":"default","adv-header-id-meta":"","stick-header-meta":"","header-above-stick-meta":"","header-main-stick-meta":"","header-below-stick-meta":"","astra-migrate-meta-layouts":"set","ast-page-background-enabled":"default","ast-page-background-meta":{"desktop":{"background-color":"var(--ast-global-color-4)","background-image":"","background-repeat":"repeat","background-position":"center center","background-size":"auto","background-attachment":"scroll","background-type":"","background-media":"","overlay-type":"","overlay-color":"","overlay-gradient":""},"tablet":{"background-color":"","background-image":"","background-repeat":"repeat","background-position":"center center","background-size":"auto","background-attachment":"scroll","background-type":"","background-media":"","overlay-type":"","overlay-color":"","overlay-gradient":""},"mobile":{"background-color":"","background-image":"","background-repeat":"repeat","background-position":"center center","background-size":"auto","background-attachment":"scroll","background-type":"","background-media":"","overlay-type":"","overlay-color":"","overlay-gradient":""}},"ast-content-background-meta":{"desktop":{"background-color":"var(--ast-global-color-5)","background-image":"","background-repeat":"repeat","background-position":"center center","background-size":"auto","background-attachment":"scroll","background-type":"","background-media":"","overlay-type":"","overlay-color":"","overlay-gradient":""},"tablet":{"background-color":"var(--ast-global-color-5)","background-image":"","background-repeat":"repeat","background-position":"center center","background-size":"auto","background-attachment":"scroll","background-type":"","background-media":"","overlay-type":"","overlay-color":"","overlay-gradient":""},"mobile":{"background-color":"var(--ast-global-color-5)","background-image":"","background-repeat":"repeat","background-position":"center center","background-size":"auto","background-attachment":"scroll","background-type":"","background-media":"","overlay-type":"","overlay-color":"","overlay-gradient":""}},"footnotes":""},"yoast_head":"<!-- This site is optimized with the Yoast SEO plugin v24.3 - https:\/\/yoast.com\/wordpress\/plugins\/seo\/ -->\n<title>Disclaimer - RACIONERO | Procesado y Envasado de Productos Naturales<\/title>\n<meta name=\"robots\" content=\"index, follow, max-snippet:-1, max-image-preview:large, max-video-preview:-1\" \/>\n<link rel=\"canonical\" href=\"https:\/\/racionero.es\/en\/disclaimer\/\" \/>\n<meta property=\"og:locale\" content=\"en_GB\" \/>\n<meta property=\"og:type\" content=\"article\" \/>\n<meta property=\"og:title\" content=\"Disclaimer - RACIONERO | Procesado y Envasado de Productos Naturales\" \/>\n<meta property=\"og:description\" content=\"El contenido de este correo electr\u00f3nico es estrictamente confidencial y s\u00f3lo va dirigido al destinatario especificado. Se proh\u00edbe compartir el [&hellip;]\" \/>\n<meta property=\"og:url\" content=\"https:\/\/racionero.es\/en\/disclaimer\/\" \/>\n<meta property=\"og:site_name\" content=\"RACIONERO | Procesado y Envasado de Productos Naturales\" \/>\n<meta property=\"article:modified_time\" content=\"2024-07-15T12:00:47+00:00\" \/>\n<meta name=\"twitter:card\" content=\"summary_large_image\" \/>\n<meta name=\"twitter:label1\" content=\"Estimated reading time\" \/>\n\t<meta name=\"twitter:data1\" content=\"1 minute\" \/>\n<script type=\"application\/ld+json\" class=\"yoast-schema-graph\">{\"@context\":\"https:\/\/schema.org\",\"@graph\":[{\"@type\":\"WebPage\",\"@id\":\"https:\/\/racionero.es\/disclaimer\/\",\"url\":\"https:\/\/racionero.es\/disclaimer\/\",\"name\":\"Disclaimer - RACIONERO | Procesado y Envasado de Productos Naturales\",\"isPartOf\":{\"@id\":\"https:\/\/racionero.es\/#website\"},\"datePublished\":\"2024-07-15T12:00:08+00:00\",\"dateModified\":\"2024-07-15T12:00:47+00:00\",\"breadcrumb\":{\"@id\":\"https:\/\/racionero.es\/disclaimer\/#breadcrumb\"},\"inLanguage\":\"en-GB\",\"potentialAction\":[{\"@type\":\"ReadAction\",\"target\":[\"https:\/\/racionero.es\/disclaimer\/\"]}]},{\"@type\":\"BreadcrumbList\",\"@id\":\"https:\/\/racionero.es\/disclaimer\/#breadcrumb\",\"itemListElement\":[{\"@type\":\"ListItem\",\"position\":1,\"name\":\"Portada\",\"item\":\"https:\/\/racionero.es\/\"},{\"@type\":\"ListItem\",\"position\":2,\"name\":\"Disclaimer\"}]},{\"@type\":\"WebSite\",\"@id\":\"https:\/\/racionero.es\/#website\",\"url\":\"https:\/\/racionero.es\/\",\"name\":\"RACIONERO | Procesado y Envasado de Productos Naturales\",\"description\":\"Soluciones personaliadas para el procesado y envasado de productos naturales para grandes marcas, supermercados y productores.\",\"publisher\":{\"@id\":\"https:\/\/racionero.es\/#organization\"},\"potentialAction\":[{\"@type\":\"SearchAction\",\"target\":{\"@type\":\"EntryPoint\",\"urlTemplate\":\"https:\/\/racionero.es\/?s={search_term_string}\"},\"query-input\":{\"@type\":\"PropertyValueSpecification\",\"valueRequired\":true,\"valueName\":\"search_term_string\"}}],\"inLanguage\":\"en-GB\"},{\"@type\":\"Organization\",\"@id\":\"https:\/\/racionero.es\/#organization\",\"name\":\"RACIONERO | Procesado y Envasado de Productos Naturales\",\"url\":\"https:\/\/racionero.es\/\",\"logo\":{\"@type\":\"ImageObject\",\"inLanguage\":\"en-GB\",\"@id\":\"https:\/\/racionero.es\/#\/schema\/logo\/image\/\",\"url\":\"https:\/\/racionero.es\/wp-content\/uploads\/racionero-logotipo.svg\",\"contentUrl\":\"https:\/\/racionero.es\/wp-content\/uploads\/racionero-logotipo.svg\",\"width\":397,\"height\":150,\"caption\":\"RACIONERO | Procesado y Envasado de Productos Naturales\"},\"image\":{\"@id\":\"https:\/\/racionero.es\/#\/schema\/logo\/image\/\"}}]}<\/script>\n<!-- \/ Yoast SEO plugin. -->","yoast_head_json":{"title":"Disclaimer - RACIONERO | Procesado y Envasado de Productos Naturales","robots":{"index":"index","follow":"follow","max-snippet":"max-snippet:-1","max-image-preview":"max-image-preview:large","max-video-preview":"max-video-preview:-1"},"canonical":"https:\/\/racionero.es\/en\/disclaimer\/","og_locale":"en_GB","og_type":"article","og_title":"Disclaimer - RACIONERO | Procesado y Envasado de Productos Naturales","og_description":"El contenido de este correo electr\u00f3nico es estrictamente confidencial y s\u00f3lo va dirigido al destinatario especificado. Se proh\u00edbe compartir el [&hellip;]","og_url":"https:\/\/racionero.es\/en\/disclaimer\/","og_site_name":"RACIONERO | Procesado y Envasado de Productos Naturales","article_modified_time":"2024-07-15T12:00:47+00:00","twitter_card":"summary_large_image","twitter_misc":{"Estimated reading time":"1 minute"},"schema":{"@context":"https:\/\/schema.org","@graph":[{"@type":"WebPage","@id":"https:\/\/racionero.es\/disclaimer\/","url":"https:\/\/racionero.es\/disclaimer\/","name":"Disclaimer - RACIONERO | Procesado y Envasado de Productos Naturales","isPartOf":{"@id":"https:\/\/racionero.es\/#website"},"datePublished":"2024-07-15T12:00:08+00:00","dateModified":"2024-07-15T12:00:47+00:00","breadcrumb":{"@id":"https:\/\/racionero.es\/disclaimer\/#breadcrumb"},"inLanguage":"en-GB","potentialAction":[{"@type":"ReadAction","target":["https:\/\/racionero.es\/disclaimer\/"]}]},{"@type":"BreadcrumbList","@id":"https:\/\/racionero.es\/disclaimer\/#breadcrumb","itemListElement":[{"@type":"ListItem","position":1,"name":"Portada","item":"https:\/\/racionero.es\/"},{"@type":"ListItem","position":2,"name":"Disclaimer"}]},{"@type":"WebSite","@id":"https:\/\/racionero.es\/#website","url":"https:\/\/racionero.es\/","name":"RACIONERO | Procesado y Envasado de Productos Naturales","description":"Soluciones personaliadas para el procesado y envasado de productos naturales para grandes marcas, supermercados y productores.","publisher":{"@id":"https:\/\/racionero.es\/#organization"},"potentialAction":[{"@type":"SearchAction","target":{"@type":"EntryPoint","urlTemplate":"https:\/\/racionero.es\/?s={search_term_string}"},"query-input":{"@type":"PropertyValueSpecification","valueRequired":true,"valueName":"search_term_string"}}],"inLanguage":"en-GB"},{"@type":"Organization","@id":"https:\/\/racionero.es\/#organization","name":"RACIONERO | Procesado y Envasado de Productos Naturales","url":"https:\/\/racionero.es\/","logo":{"@type":"ImageObject","inLanguage":"en-GB","@id":"https:\/\/racionero.es\/#\/schema\/logo\/image\/","url":"https:\/\/racionero.es\/wp-content\/uploads\/racionero-logotipo.svg","contentUrl":"https:\/\/racionero.es\/wp-content\/uploads\/racionero-logotipo.svg","width":397,"height":150,"caption":"RACIONERO | Procesado y Envasado de Productos Naturales"},"image":{"@id":"https:\/\/racionero.es\/#\/schema\/logo\/image\/"}}]}},"_links":{"self":[{"href":"https:\/\/racionero.es\/en\/wp-json\/wp\/v2\/pages\/2061"}],"collection":[{"href":"https:\/\/racionero.es\/en\/wp-json\/wp\/v2\/pages"}],"about":[{"href":"https:\/\/racionero.es\/en\/wp-json\/wp\/v2\/types\/page"}],"author":[{"embeddable":true,"href":"https:\/\/racionero.es\/en\/wp-json\/wp\/v2\/users\/1"}],"replies":[{"embeddable":true,"href":"https:\/\/racionero.es\/en\/wp-json\/wp\/v2\/comments?post=2061"}],"version-history":[{"count":4,"href":"https:\/\/racionero.es\/en\/wp-json\/wp\/v2\/pages\/2061\/revisions"}],"predecessor-version":[{"id":2065,"href":"https:\/\/racionero.es\/en\/wp-json\/wp\/v2\/pages\/2061\/revisions\/2065"}],"wp:attachment":[{"href":"https:\/\/racionero.es\/en\/wp-json\/wp\/v2\/media?parent=2061"}],"curies":[{"name":"wp","href":"https:\/\/api.w.org\/{rel}","templated":true}]}}